{"id":5732,"date":"2018-10-22T13:46:26","date_gmt":"2018-10-22T13:46:26","guid":{"rendered":"https:\/\/www.ekko-wp.com\/?page_id=5732"},"modified":"2025-07-23T18:17:07","modified_gmt":"2025-07-23T18:17:07","slug":"servicos","status":"publish","type":"page","link":"http:\/\/marmorariaviena.com.br\/?page_id=5732","title":{"rendered":"Solu\u00e7\u00f5es que oferecemos"},"content":{"rendered":"<p>[vc_row full_width=&#8221;stretch_row&#8221; parallax=&#8221;content-moving&#8221; css=&#8221;.vc_custom_1555675311752{margin-top: -75px !important;padding-top: 50px !important;padding-bottom: 85px !important;}&#8221;][vc_column css=&#8221;.vc_custom_1516106070544{padding-right: 0px !important;padding-left: 0px !important;}&#8221;][vc_row_inner][vc_column_inner css=&#8221;.vc_custom_1516106746836{padding-right: 0px !important;}&#8221;]\n            <div class=\"sliding_box_parent row kd-slidingbox-69e1e863df30b \"><div class=\"sliding_box_child\" >\n                <div class=\"sb-image\"><img decoding=\"async\" width=\"960\" height=\"957\" data-src=\"http:\/\/marmorariaviena.com.br\/wp-content\/uploads\/2020\/09\/2a87cec0-4378-4e96-951b-c03ce46660f3.jpg\" class=\"attachment-full lazyload\" alt=\"Marmoraria Pedras Viena\" data-srcset=\"http:\/\/marmorariaviena.com.br\/wp-content\/uploads\/2020\/09\/2a87cec0-4378-4e96-951b-c03ce46660f3.jpg 960w, http:\/\/marmorariaviena.com.br\/wp-content\/uploads\/2020\/09\/2a87cec0-4378-4e96-951b-c03ce46660f3-300x300.jpg 300w, http:\/\/marmorariaviena.com.br\/wp-content\/uploads\/2020\/09\/2a87cec0-4378-4e96-951b-c03ce46660f3-150x150.jpg 150w, http:\/\/marmorariaviena.com.br\/wp-content\/uploads\/2020\/09\/2a87cec0-4378-4e96-951b-c03ce46660f3-768x766.jpg 768w, http:\/\/marmorariaviena.com.br\/wp-content\/uploads\/2020\/09\/2a87cec0-4378-4e96-951b-c03ce46660f3-320x320.jpg 320w\" data-sizes=\"(max-width: 960px) 100vw, 960px\" title=\"\" src=\"data:image\/svg+xml;base64,PHN2ZyB3aWR0aD0iMSIgaGVpZ2h0PSIxIiB4bWxucz0iaHR0cDovL3d3dy53My5vcmcvMjAwMC9zdmciPjwvc3ZnPg==\" style=\"--smush-placeholder-width: 960px; --smush-placeholder-aspect-ratio: 960\/957;\"><\/div>\n                <div class=\"sb_content_wrapper\" ><h3 >Quartzo Stone<\/h3><p >\u00c9 composto de 94% de quartzo natural e 6% resina, por ter uma superf\u00edcie n\u00e3o porosa, \u00e9 altamente resistente a manchas, como: caf\u00e9, azeite, vinho,<\/p><\/div>\n            <\/div><div class=\"sliding_box_child active-elem\" >\n                <div class=\"sb-image\"><img decoding=\"async\" width=\"1184\" height=\"888\" data-src=\"http:\/\/marmorariaviena.com.br\/wp-content\/uploads\/2020\/09\/6696a2e3-2c90-4bb2-b240-1cfb54c3d468.jpg\" class=\"attachment-full lazyload\" alt=\"Marmoraria Pedras Viena\" data-srcset=\"http:\/\/marmorariaviena.com.br\/wp-content\/uploads\/2020\/09\/6696a2e3-2c90-4bb2-b240-1cfb54c3d468.jpg 1184w, http:\/\/marmorariaviena.com.br\/wp-content\/uploads\/2020\/09\/6696a2e3-2c90-4bb2-b240-1cfb54c3d468-300x225.jpg 300w, http:\/\/marmorariaviena.com.br\/wp-content\/uploads\/2020\/09\/6696a2e3-2c90-4bb2-b240-1cfb54c3d468-1024x768.jpg 1024w, http:\/\/marmorariaviena.com.br\/wp-content\/uploads\/2020\/09\/6696a2e3-2c90-4bb2-b240-1cfb54c3d468-768x576.jpg 768w\" data-sizes=\"(max-width: 1184px) 100vw, 1184px\" title=\"\" src=\"data:image\/svg+xml;base64,PHN2ZyB3aWR0aD0iMSIgaGVpZ2h0PSIxIiB4bWxucz0iaHR0cDovL3d3dy53My5vcmcvMjAwMC9zdmciPjwvc3ZnPg==\" style=\"--smush-placeholder-width: 1184px; --smush-placeholder-aspect-ratio: 1184\/888;\"><\/div>\n                <div class=\"sb_content_wrapper\" ><h3 >Granito<\/h3><p >O granito \u00e9 recomendado para \u00e1reas internas e externas e bastante utilizado em bancadas de cozinha e \u00e1rea de servi\u00e7o.<\/p><\/div>\n            <\/div><div class=\"sliding_box_child\" >\n                <div class=\"sb-image\"><img decoding=\"async\" width=\"1080\" height=\"1080\" data-src=\"http:\/\/marmorariaviena.com.br\/wp-content\/uploads\/2023\/04\/lavabo.jpg\" class=\"attachment-full lazyload\" alt=\"Marmoraria Pedras Viena\" data-srcset=\"http:\/\/marmorariaviena.com.br\/wp-content\/uploads\/2023\/04\/lavabo.jpg 1080w, http:\/\/marmorariaviena.com.br\/wp-content\/uploads\/2023\/04\/lavabo-300x300.jpg 300w, http:\/\/marmorariaviena.com.br\/wp-content\/uploads\/2023\/04\/lavabo-1024x1024.jpg 1024w, http:\/\/marmorariaviena.com.br\/wp-content\/uploads\/2023\/04\/lavabo-150x150.jpg 150w, http:\/\/marmorariaviena.com.br\/wp-content\/uploads\/2023\/04\/lavabo-768x768.jpg 768w, http:\/\/marmorariaviena.com.br\/wp-content\/uploads\/2023\/04\/lavabo-320x320.jpg 320w\" data-sizes=\"(max-width: 1080px) 100vw, 1080px\" title=\"\" src=\"data:image\/svg+xml;base64,PHN2ZyB3aWR0aD0iMSIgaGVpZ2h0PSIxIiB4bWxucz0iaHR0cDovL3d3dy53My5vcmcvMjAwMC9zdmciPjwvc3ZnPg==\" style=\"--smush-placeholder-width: 1080px; --smush-placeholder-aspect-ratio: 1080\/1080;\"><\/div>\n                <div class=\"sb_content_wrapper\" ><h3 >M\u00e1rmores<\/h3><p >O m\u00e1rmore \u00e9 uma pedra elegante, com beleza cl\u00e1ssica e sutil e que pode ser encontrado em cores que variam do branco puro ao preto.<\/p><\/div>\n            <\/div><\/div><script type=\"text\/javascript\">\n              jQuery(document).ready(function($){\n                if ($(\".sliding_box_parent.kd-slidingbox-69e1e863df30b\").length) {\n                  $(\".kd-slidingbox-69e1e863df30b .sliding_box_child\").on(\"mouseenter\", function() {\n                    $(\".kd-slidingbox-69e1e863df30b .sliding_box_child\").removeClass(\"active-elem\");\n                    $(this).addClass(\"active-elem\");\n                  });\n                }\n              });\n            <\/script>[\/vc_column_inner][\/vc_row_inner][vc_row_inner css=&#8221;.vc_custom_1539614577908{padding-top: 60px !important;}&#8221;][vc_column_inner width=&#8221;1\/6&#8243;]<div class=\"key-icon-box icon-default icon-top cont-center ib-no-effect  kd-animated fadeInUp\" style=\"background-color: transparent;\" data-animation-delay=200><i class=\"\" style=\" \"><\/i> <h6 class=\"service-heading\" >Personaliza\u00e7\u00e3o<\/h6><\/div>[\/vc_column_inner][vc_column_inner width=&#8221;1\/6&#8243;]<div class=\"key-icon-box icon-default icon-top cont-center ib-no-effect  kd-animated fadeInUp\" style=\"background-color: transparent;\" data-animation-delay=200><i class=\"\" style=\" \"><\/i> <h6 class=\"service-heading\" >Precis\u00e3o<\/h6><\/div>[\/vc_column_inner][vc_column_inner width=&#8221;1\/6&#8243;]<div class=\"key-icon-box icon-default icon-top cont-center ib-no-effect  kd-animated fadeInUp\" style=\"background-color: transparent;\" data-animation-delay=200><i class=\"\" style=\" \"><\/i> <h6 class=\"service-heading\" >Eleg\u00e2ncia<\/h6><\/div>[\/vc_column_inner][vc_column_inner width=&#8221;1\/6&#8243;]<div class=\"key-icon-box icon-default icon-top cont-center ib-no-effect  kd-animated fadeInUp\" style=\"background-color: transparent;\" data-animation-delay=200><i class=\"\" style=\" \"><\/i> <h6 class=\"service-heading\" >Garantia<\/h6><\/div>[\/vc_column_inner][vc_column_inner width=&#8221;1\/6&#8243;]<div class=\"key-icon-box icon-default icon-top cont-center ib-no-effect  kd-animated fadeInUp\" style=\"background-color: transparent;\" data-animation-delay=200><i class=\"\" style=\" \"><\/i> <h6 class=\"service-heading\" >Agilidade<\/h6><\/div>[\/vc_column_inner][vc_column_inner width=&#8221;1\/6&#8243;]<div class=\"key-icon-box icon-default icon-top cont-center ib-no-effect  kd-animated fadeInUp\" style=\"background-color: transparent;\" data-animation-delay=200><i class=\"\" style=\" \"><\/i> <h6 class=\"service-heading\" >Qualidade<\/h6><\/div>[\/vc_column_inner][\/vc_row_inner][\/vc_column][\/vc_row][vc_row full_width=&#8221;stretch_row&#8221;][vc_column css=&#8221;.vc_custom_1596831393752{padding-right: 0px !important;padding-left: 0px !important;}&#8221;][vc_row_inner css=&#8221;.vc_custom_1619713076765{margin-bottom: 5px !important;padding-top: 40px !important;}&#8221;][vc_column_inner width=&#8221;1\/5&#8243;][vc_column_text css=&#8221;.vc_custom_1681848548524{padding-top: 25px !important;padding-right: 25px !important;padding-left: 25px !important;}&#8221;]<strong>Produtos<\/strong>[\/vc_column_text][vc_column_text css=&#8221;.vc_custom_1681848567092{padding-top: 10px !important;padding-right: 25px !important;padding-bottom: 5px !important;padding-left: 25px !important;}&#8221;]<\/p>\n<h6><a href=\"https:\/\/pedrasviena.com.br\/orcamento-quartzo-stone\/\" rel=\"nofollow noopener\" target=\"_blank\">Quartzo Stone<\/a><\/h6>\n<h6><a href=\"https:\/\/pedrasviena.com.br\/orcamento-lamina-ultracompacto\/\" rel=\"nofollow noopener\" target=\"_blank\">L\u00e2mina Ultracompacto<\/a><\/h6>\n<h6><a href=\"https:\/\/pedrasviena.com.br\/orcamento-quartzito\/\" rel=\"nofollow noopener\" target=\"_blank\">Quartzito<\/a><\/h6>\n<h6><a href=\"https:\/\/pedrasviena.com.br\/marmores-2\" rel=\"nofollow noopener\" target=\"_blank\">M\u00e1rmores<\/a><\/h6>\n<h6><a href=\"https:\/\/pedrasviena.com.br\/orcamento-granitos\/\" rel=\"nofollow noopener\" target=\"_blank\">Granito<\/a><\/h6>\n<h6><a href=\"https:\/\/pedrasviena.com.br\/orcamento-onix\/\" rel=\"nofollow noopener\" target=\"_blank\">\u00d4nix<\/a><\/h6>\n<p>[\/vc_column_text][\/vc_column_inner][vc_column_inner width=&#8221;1\/5&#8243; css=&#8221;.vc_custom_1596831495340{padding-right: 50px !important;}&#8221;]<div class=\"key-icon-box icon-default icon-top cont-left ib-no-effect with-bg-img kd-animated fadeInUp lazyload\" style=\"background-image:inherit;\"  data-bg-image=\"url(http:\/\/marmorariaviena.com.br\/wp-content\/uploads\/2023\/04\/Imagem-do-WhatsApp-de-2023-04-01-as-12.41.36-1024x947.jpg)\"><a href=\"https:\/\/pedrasviena.com.br\/cozinha\" target=\"\" rel=\"nofollow noopener\"><i class=\"\" style=\" \"><\/i> <h6 class=\"service-heading\" >.<\/h6><\/a><\/div>[vc_column_text]<\/p>\n<p style=\"text-align: center;\"><strong>Cozinha<\/strong><\/p>\n<p>[\/vc_column_text][vc_empty_space height=&#8221;25px&#8221;]<div class=\"key-icon-box icon-default icon-top cont-left ib-no-effect with-bg-img kd-animated fadeInUp lazyload\" style=\"background-image:inherit;\"  data-bg-image=\"url(http:\/\/marmorariaviena.com.br\/wp-content\/uploads\/2023\/04\/nicho.jpg)\"><a href=\"https:\/\/pedrasviena.com.br\/nicho\" target=\"\" rel=\"nofollow noopener\"><i class=\"\" style=\" \"><\/i> <h6 class=\"service-heading\" >.<\/h6><\/a><\/div>[vc_column_text]<\/p>\n<p style=\"text-align: center;\"><strong>Nicho<\/strong><\/p>\n<p>[\/vc_column_text][\/vc_column_inner][vc_column_inner width=&#8221;1\/5&#8243; css=&#8221;.vc_custom_1540560004400{padding-right: 50px !important;}&#8221;]<div class=\"key-icon-box icon-default icon-top cont-left ib-no-effect with-bg-img kd-animated fadeInUp lazyload\" style=\"background-image:inherit;\"  data-bg-image=\"url(http:\/\/marmorariaviena.com.br\/wp-content\/uploads\/2023\/04\/Imagem-do-WhatsApp-de-2023-03-14-as-11.29.07.jpg)\"><a href=\"https:\/\/pedrasviena.com.br\/areagoumert\" target=\"\" rel=\"nofollow noopener\"><i class=\"\" style=\" \"><\/i> <h6 class=\"service-heading\" >.<\/h6><\/a><\/div>[vc_column_text]<\/p>\n<p style=\"text-align: center;\"><strong>\u00c1rea Goumert<\/strong><\/p>\n<p>[\/vc_column_text][vc_empty_space height=&#8221;25px&#8221;]<div class=\"key-icon-box icon-default icon-top cont-left ib-no-effect with-bg-img kd-animated fadeInUp lazyload\" style=\"background-image:inherit;\"  data-bg-image=\"url(http:\/\/marmorariaviena.com.br\/wp-content\/uploads\/2023\/04\/WhatsApp-Image-2023-04-06-at-11.08.43-577x1024.jpeg)\"><a href=\"https:\/\/pedrasviena.com.br\/escada\" target=\"\" rel=\"nofollow noopener\"><i class=\"\" style=\" \"><\/i> <h6 class=\"service-heading\" >.<\/h6><\/a><\/div>[vc_column_text]<\/p>\n<p style=\"text-align: center;\"><strong>Escada<\/strong><\/p>\n<p>[\/vc_column_text][\/vc_column_inner][vc_column_inner width=&#8221;1\/5&#8243; css=&#8221;.vc_custom_1540560014080{padding-right: 50px !important;}&#8221;]<div class=\"key-icon-box icon-default icon-top cont-left ib-no-effect with-bg-img kd-animated fadeInUp lazyload\" style=\"background-image:inherit;\"  data-bg-image=\"url(http:\/\/marmorariaviena.com.br\/wp-content\/uploads\/2023\/03\/blocosHOMElavanderia.jpg)\"><a href=\"https:\/\/pedrasviena.com.br\/lavanderia\/\" target=\"\" rel=\"nofollow noopener\"><i class=\"\" style=\" \"><\/i> <h6 class=\"service-heading\" >.<\/h6><\/a><\/div>[vc_column_text]<\/p>\n<p style=\"text-align: center;\"><strong>\u00c1rea de servi\u00e7o<\/strong><\/p>\n<p>[\/vc_column_text][vc_empty_space height=&#8221;25px&#8221;]<div class=\"key-icon-box icon-default icon-top cont-left ib-no-effect with-bg-img kd-animated fadeInUp lazyload\" style=\"background-image:inherit;\"  data-bg-image=\"url(http:\/\/marmorariaviena.com.br\/wp-content\/uploads\/2023\/03\/blocosHOMEescritorio.jpg)\"><a href=\"https:\/\/pedrasviena.com.br\/escritorio\" target=\"\" rel=\"nofollow noopener\"><i class=\"\" style=\" \"><\/i> <h6 class=\"service-heading\" >.<\/h6><\/a><\/div>[vc_column_text]<\/p>\n<p style=\"text-align: center;\"><strong>Escrit\u00f3rio<\/strong><\/p>\n<p>[\/vc_column_text][\/vc_column_inner][vc_column_inner width=&#8221;1\/5&#8243;]<div class=\"key-icon-box icon-default icon-top cont-left ib-no-effect with-bg-img kd-animated fadeInUp lazyload\" style=\"background-image:inherit;\"  data-bg-image=\"url(http:\/\/marmorariaviena.com.br\/wp-content\/uploads\/2023\/03\/blocosHOMElavabo.jpg)\"><a href=\"https:\/\/pedrasviena.com.br\/banheiro\/\" target=\"\" rel=\"nofollow noopener\"><i class=\"\" style=\" \"><\/i> <h6 class=\"service-heading\" >.<\/h6><\/a><\/div>[vc_column_text]<\/p>\n<p style=\"text-align: center;\"><strong>Banheiro<\/strong><\/p>\n<p>[\/vc_column_text][vc_empty_space height=&#8221;25px&#8221;][\/vc_column_inner][\/vc_row_inner][\/vc_column][vc_column width=&#8221;1\/3&#8243;][\/vc_column][\/vc_row][vc_row full_width=&#8221;stretch_row_content&#8221; css=&#8221;.vc_custom_1651862107768{background-color: #d6ae53 !important;}&#8221;][vc_column][vc_row_inner][vc_column_inner][vc_empty_space][vc_empty_space][vc_column_text]<\/p>\n<h3 style=\"text-align: center;\">Deixe seu ambiente mais sofisticado<\/h3>\n<p>[\/vc_column_text]<a href=\"https:\/\/pedrasviena.com.br\/marmores-2\/\" target=\"_self\" title=\"M\u00e1rmores Importados\" class=\"tt_button tt_primary_button btn_secondary_color  button-center button-action-link\" rel=\"nofollow noopener\"><span class=\"prim_text\">Quero fazer um or\u00e7amento<\/span><\/a>[vc_empty_space][vc_empty_space][\/vc_column_inner][\/vc_row_inner][\/vc_column][\/vc_row][vc_row full_width=&#8221;stretch_row_content&#8221;][vc_column][vc_row_inner][vc_column_inner][vc_empty_space height=&#8221;70px&#8221;][\/vc_column_inner][\/vc_row_inner][vc_column_text]<\/p>\n<h1 style=\"text-align: center;\">Conhe\u00e7a nossos parceiros.<\/h1>\n<p>[\/vc_column_text][vc_empty_space height=&#8221;30px&#8221;][vc_empty_space height=&#8221;30px&#8221;]<div class=\"slider clients lift-effect kd-client-69e1e863e25dc  \"><div class=\"clients-content \" ><a href=\"http:\/\/www.duasbarrasgranitos.com.br\/index.html\" target=\"\" rel=\"nofollow noopener\"><img decoding=\"async\" width=\"250\" height=\"100\" data-src=\"http:\/\/marmorariaviena.com.br\/wp-content\/uploads\/2020\/09\/2.jpg\" class=\"attachment-full lazyload\" alt=\"marmoraria\" title=\"\" src=\"data:image\/svg+xml;base64,PHN2ZyB3aWR0aD0iMSIgaGVpZ2h0PSIxIiB4bWxucz0iaHR0cDovL3d3dy53My5vcmcvMjAwMC9zdmciPjwvc3ZnPg==\" style=\"--smush-placeholder-width: 250px; --smush-placeholder-aspect-ratio: 250\/100;\"><\/a><\/div><div class=\"clients-content \" ><a href=\"https:\/\/www.instagram.com\/abcstonemarmorese\/?hl=pt-br\" target=\"\" rel=\"nofollow noopener\"><img decoding=\"async\" width=\"250\" height=\"100\" data-src=\"http:\/\/marmorariaviena.com.br\/wp-content\/uploads\/2020\/09\/3.jpg\" class=\"attachment-full lazyload\" alt=\"marmoraria\" title=\"\" src=\"data:image\/svg+xml;base64,PHN2ZyB3aWR0aD0iMSIgaGVpZ2h0PSIxIiB4bWxucz0iaHR0cDovL3d3dy53My5vcmcvMjAwMC9zdmciPjwvc3ZnPg==\" style=\"--smush-placeholder-width: 250px; --smush-placeholder-aspect-ratio: 250\/100;\"><\/a><\/div><div class=\"clients-content \" ><a href=\"https:\/\/www.instagram.com\/abcstonemarmorese\/?hl=pt-br\" target=\"\" rel=\"nofollow noopener\"><img decoding=\"async\" width=\"250\" height=\"100\" data-src=\"http:\/\/marmorariaviena.com.br\/wp-content\/uploads\/2022\/05\/13monterroso.jpg\" class=\"attachment-full lazyload\" alt=\"Marmoraria Pedras Viena\" title=\"\" src=\"data:image\/svg+xml;base64,PHN2ZyB3aWR0aD0iMSIgaGVpZ2h0PSIxIiB4bWxucz0iaHR0cDovL3d3dy53My5vcmcvMjAwMC9zdmciPjwvc3ZnPg==\" style=\"--smush-placeholder-width: 250px; --smush-placeholder-aspect-ratio: 250\/100;\"><\/a><\/div><div class=\"clients-content \" ><a href=\"https:\/\/www.instagram.com\/abcstonemarmorese\/?hl=pt-br\" target=\"\" rel=\"nofollow noopener\"><img decoding=\"async\" width=\"250\" height=\"100\" data-src=\"http:\/\/marmorariaviena.com.br\/wp-content\/uploads\/2022\/05\/12montego.jpg\" class=\"attachment-full lazyload\" alt=\"Marmoraria Pedras Viena\" title=\"\" src=\"data:image\/svg+xml;base64,PHN2ZyB3aWR0aD0iMSIgaGVpZ2h0PSIxIiB4bWxucz0iaHR0cDovL3d3dy53My5vcmcvMjAwMC9zdmciPjwvc3ZnPg==\" style=\"--smush-placeholder-width: 250px; --smush-placeholder-aspect-ratio: 250\/100;\"><\/a><\/div><div class=\"clients-content \" ><a href=\"https:\/\/www.instagram.com\/abcstonemarmorese\/?hl=pt-br\" target=\"\" rel=\"nofollow noopener\"><img decoding=\"async\" width=\"250\" height=\"100\" data-src=\"http:\/\/marmorariaviena.com.br\/wp-content\/uploads\/2022\/05\/14iven.jpg\" class=\"attachment-full lazyload\" alt=\"Marmoraria Pedras Viena\" title=\"\" src=\"data:image\/svg+xml;base64,PHN2ZyB3aWR0aD0iMSIgaGVpZ2h0PSIxIiB4bWxucz0iaHR0cDovL3d3dy53My5vcmcvMjAwMC9zdmciPjwvc3ZnPg==\" style=\"--smush-placeholder-width: 250px; --smush-placeholder-aspect-ratio: 250\/100;\"><\/a><\/div><\/div><script type=\"text\/javascript\">\r\n              jQuery(document).ready(function($){\r\n                if ($(\".slider.clients.kd-client-69e1e863e25dc\").length) {\r\n                  $(\".slider.clients.kd-client-69e1e863e25dc\").owlCarousel({\r\n                    stageClass: \"owl-wrapper\",\r\n                    stageOuterClass: \"owl-wrapper-outer\",\r\n                    loadedClass: \"owl-carousel\",\r\n                    responsiveClass:true,\r\n                    responsive:{\r\n                      0:{\r\n                          items:1,dots: false,},\r\n                      415:{\r\n                          items:3,dots: false,},\r\n                      960:{\r\n                          items:5,dots: false,}\r\n                    },loop: true,autoplay: true,autoplayTimeout: 3000,\r\n                  });\r\n                }\r\n              });\r\n            <\/script>[vc_empty_space height=&#8221;30px&#8221;][\/vc_column][\/vc_row]<\/p>\n","protected":false},"excerpt":{"rendered":"<p>[vc_row full_width=&#8221;stretch_row&#8221; parallax=&#8221;content-moving&#8221; css=&#8221;.vc_custom_1555675311752{margin-top: -75px !important;padding-top: 50px !important;padding-bottom: 85px !important;}&#8221;][vc_column css=&#8221;.vc_custom_1516106070544{padding-right: 0px !important;padding-left: 0px !important;}&#8221;][vc_row_inner][vc_column_inner [&hellip;]<\/p>\n","protected":false},"author":1,"featured_media":7899,"parent":0,"menu_order":0,"comment_status":"closed","ping_status":"closed","template":"","meta":{"pagelayer_contact_templates":[],"_pagelayer_content":"","ngg_post_thumbnail":0,"_joinchat":[],"footnotes":""},"class_list":["post-5732","page","type-page","status-publish","has-post-thumbnail","hentry"],"_links":{"self":[{"href":"http:\/\/marmorariaviena.com.br\/index.php?rest_route=\/wp\/v2\/pages\/5732","targetHints":{"allow":["GET"]}}],"collection":[{"href":"http:\/\/marmorariaviena.com.br\/index.php?rest_route=\/wp\/v2\/pages"}],"about":[{"href":"http:\/\/marmorariaviena.com.br\/index.php?rest_route=\/wp\/v2\/types\/page"}],"author":[{"embeddable":true,"href":"http:\/\/marmorariaviena.com.br\/index.php?rest_route=\/wp\/v2\/users\/1"}],"replies":[{"embeddable":true,"href":"http:\/\/marmorariaviena.com.br\/index.php?rest_route=%2Fwp%2Fv2%2Fcomments&post=5732"}],"version-history":[{"count":103,"href":"http:\/\/marmorariaviena.com.br\/index.php?rest_route=\/wp\/v2\/pages\/5732\/revisions"}],"predecessor-version":[{"id":9632,"href":"http:\/\/marmorariaviena.com.br\/index.php?rest_route=\/wp\/v2\/pages\/5732\/revisions\/9632"}],"wp:featuredmedia":[{"embeddable":true,"href":"http:\/\/marmorariaviena.com.br\/index.php?rest_route=\/wp\/v2\/media\/7899"}],"wp:attachment":[{"href":"http:\/\/marmorariaviena.com.br\/index.php?rest_route=%2Fwp%2Fv2%2Fmedia&parent=5732"}],"curies":[{"name":"wp","href":"https:\/\/api.w.org\/{rel}","templated":true}]}}