{"id":5720,"date":"2018-10-22T13:45:00","date_gmt":"2018-10-22T13:45:00","guid":{"rendered":"https:\/\/www.ekko-wp.com\/?page_id=5720"},"modified":"2025-07-23T18:15:35","modified_gmt":"2025-07-23T18:15:35","slug":"sobrenos","status":"publish","type":"page","link":"https:\/\/marmorariaviena.com.br\/?page_id=5720","title":{"rendered":"Marmoraria Viena | Sobre n\u00f3s"},"content":{"rendered":"<p>[vc_row full_width=&#8221;stretch_row&#8221;][vc_column css=&#8221;.vc_custom_1516009024901{padding-right: 0px !important;padding-left: 0px !important;}&#8221;][vc_row_inner css=&#8221;.vc_custom_1555687983632{padding-top: 50px !important;padding-bottom: 100px !important;}&#8221;][vc_column_inner width=&#8221;1\/4&#8243; css=&#8221;.vc_custom_1516009093233{padding-right: 0px !important;padding-left: 0px !important;}&#8221;]<div class=\"key-icon-box icon-default icon-top cont-center ib-hover-1 with-bg-img kd-animated fadeInUp lazyload\" style=\"background-image:inherit;\"  data-bg-image=\"url(https:\/\/marmorariaviena.com.br\/wp-content\/uploads\/2020\/09\/3-1.jpg)\"><a href=\"https:\/\/pedrasviena.com.br\/?page_id=8139\" target=\"\" rel=\"nofollow noopener\"><div class=\"ib-wrapper\"><i class=\"\" style=\" \"><\/i> <h3 class=\"service-heading\" style=\"color: #ffffff;\">Cozinhas<\/h3><\/div><\/a><\/div>[\/vc_column_inner][vc_column_inner width=&#8221;1\/4&#8243; css=&#8221;.vc_custom_1516009109505{padding-right: 0px !important;padding-left: 0px !important;}&#8221;]<div class=\"key-icon-box icon-default icon-top cont-center ib-hover-1 with-bg-img kd-animated fadeInUp lazyload\" style=\"background-image:inherit;\" data-animation-delay=200 data-bg-image=\"url(https:\/\/marmorariaviena.com.br\/wp-content\/uploads\/2020\/09\/69511858_652156415264273_802530066780127232_n-1.jpg)\"><a href=\"https:\/\/pedrasviena.com.br\/lavabo\/\" target=\"\" rel=\"nofollow noopener\"><div class=\"ib-wrapper\"><i class=\"\" style=\" \"><\/i> <h3 class=\"service-heading\" style=\"color: #ffffff;\">Lavabo<\/h3><\/div><\/a><\/div>[\/vc_column_inner][vc_column_inner width=&#8221;1\/4&#8243; css=&#8221;.vc_custom_1516009124658{padding-right: 0px !important;padding-left: 0px !important;}&#8221;]<div class=\"key-icon-box icon-default icon-top cont-center ib-hover-1 with-bg-img kd-animated fadeInUp lazyload\" style=\"background-image:inherit;\" data-animation-delay=400 data-bg-image=\"url(https:\/\/marmorariaviena.com.br\/wp-content\/uploads\/2020\/09\/4-1.jpg)\"><a href=\"https:\/\/pedrasviena.com.br\/ilha-clone\/\" target=\"\" rel=\"nofollow noopener\"><div class=\"ib-wrapper\"><i class=\"\" style=\" \"><\/i> <h3 class=\"service-heading\" style=\"color: #ffffff;\">Ilha<\/h3><\/div><\/a><\/div>[\/vc_column_inner][vc_column_inner width=&#8221;1\/4&#8243; css=&#8221;.vc_custom_1516009131818{padding-right: 0px !important;padding-left: 0px !important;}&#8221;]<div class=\"key-icon-box icon-default icon-top cont-center ib-hover-1 with-bg-img kd-animated fadeInUp lazyload\" style=\"background-image:inherit;\" data-animation-delay=600 data-bg-image=\"url(https:\/\/marmorariaviena.com.br\/wp-content\/uploads\/2020\/09\/2-1.jpg)\"><a href=\"https:\/\/pedrasviena.com.br\/escadas\/\" target=\"\" rel=\"nofollow noopener\"><div class=\"ib-wrapper\"><i class=\"\" style=\" \"><\/i> <h3 class=\"service-heading\" style=\"color: #ffffff;\">Escadas<\/h3><\/div><\/a><\/div>[\/vc_column_inner][\/vc_row_inner][\/vc_column][\/vc_row][vc_row full_width=&#8221;stretch_row&#8221; css=&#8221;.vc_custom_1596829229123{background: #f5f5f5 url(http:\/\/tchics.com.br\/pedrasangulares\/wp-content\/uploads\/2020\/08\/marble-2371776-scaled.jpg?id=7598) !important;}&#8221;][vc_column][vc_row_inner css=&#8221;.vc_custom_1513720913586{padding-top: 100px !important;padding-right: 100px !important;padding-bottom: 80px !important;padding-left: 100px !important;}&#8221;][vc_column_inner width=&#8221;1\/2&#8243; css=&#8221;.vc_custom_1541584818078{padding-right: 20px !important;}&#8221;]<header class=\"kd-section-title col-lg-12 text-left  kd-animated fadeIn   vc_custom_1753294527555\" data-animation-delay=200><h2 class=\"separator_off\" >Sobre a Marmoraria Viana<\/h2><h6 class=\"subtitle \" >Nossa marmoraria tem a miss\u00e3o e satisfa\u00e7\u00e3o de atender as expectativas e necessidades dos nossos clientes assessorando para as melhores solu\u00e7\u00f5es e projetos, com atendimento diferenciado e personalizado oferecendo agilidade, excel\u00eancia e comprometimento nos servi\u00e7os prestados Contamos com uma equipe de profissionais especializados para realiza\u00e7\u00e3o do seu sonho e estamos aqui torna-lo realidade! Marmoraria no Ipiranga<\/h6><\/header>[vc_empty_space height=&#8221;20px&#8221;][vc_single_image image=&#8221;7499&#8243; img_size=&#8221;450&#215;500&#8243; alignment=&#8221;center&#8221; css_animation=&#8221;fadeIn&#8221; css=&#8221;.vc_custom_1596828705408{padding-right: 20px !important;}&#8221;][\/vc_column_inner][vc_column_inner width=&#8221;1\/2&#8243; css=&#8221;.vc_custom_1541584821670{padding-left: 20px !important;}&#8221;][vc_single_image image=&#8221;9059&#8243; img_size=&#8221;450&#215;500&#8243; alignment=&#8221;center&#8221; css_animation=&#8221;fadeIn&#8221; css=&#8221;.vc_custom_1681414566813{padding-left: 20px !important;}&#8221;][vc_empty_space height=&#8221;40px&#8221;]<header class=\"kd-section-title col-lg-12 text-left  kd-animated fadeIn   vc_custom_1629209894076\" data-animation-delay=200><h2 class=\"separator_off\" >No que podemos te ajudar?<\/h2><h6 class=\"subtitle \" >Nossa extensa experi\u00eancia nos permite atend\u00ea-los em diversas modalidades, e temos como mat\u00e9ria prima M\u00e1rmores e Granitos. Fazemos Pias, lavanderias, lavat\u00f3rios, bancadas, escadas, pisos, revestimentos, soleiras, pingadeiras, tudo personalizado e sob- medida.<br \/>\nEntre em contato conosco, teremos o prazer em te atender! Marmoraria no Ipiranga!<\/h6><\/header>[\/vc_column_inner][\/vc_row_inner][\/vc_column][\/vc_row][vc_row full_width=&#8221;stretch_row&#8221; css=&#8221;.vc_custom_1596829181073{background-color: #d8af55 !important;}&#8221;][vc_column css=&#8221;.vc_custom_1596829153235{padding-right: 0px !important;padding-left: 0px !important;background-color: #d8af55 !important;}&#8221;][vc_row_inner css=&#8221;.vc_custom_1681414632114{padding-top: 40px !important;padding-bottom: 40px !important;}&#8221;][vc_column_inner width=&#8221;1\/4&#8243; offset=&#8221;vc_hidden-md vc_hidden-sm vc_hidden-xs&#8221;][\/vc_column_inner][vc_column_inner offset=&#8221;vc_col-lg-6&#8243;][vc_custom_heading text=&#8221;Solicite um or\u00e7amento conosco&#8221; font_container=&#8221;tag:h3|text_align:center&#8221; use_theme_fonts=&#8221;yes&#8221; css_animation=&#8221;fadeIn&#8221; css=&#8221;.vc_custom_1681414735483{margin-bottom: 0px !important;}&#8221;][vc_empty_space height=&#8221;10px&#8221;][vc_btn title=&#8221;Quero um Or\u00e7amento&#8221; color=&#8221;black&#8221; size=&#8221;lg&#8221; align=&#8221;center&#8221; link=&#8221;url:https%3A%2F%2Fpedrasviena.com.br%2Fmarmores-2%2F|title:M%C3%A1rmores%20Importados||&#8221;][\/vc_column_inner][vc_column_inner width=&#8221;1\/4&#8243; offset=&#8221;vc_hidden-md vc_hidden-sm vc_hidden-xs&#8221;][\/vc_column_inner][\/vc_row_inner][\/vc_column][\/vc_row][vc_row full_width=&#8221;stretch_row&#8221; css=&#8221;.vc_custom_1516029722012{padding-top: 100px !important;}&#8221;][vc_column css=&#8221;.vc_custom_1516029079179{padding-right: 0px !important;padding-left: 0px !important;}&#8221;][vc_row_inner][vc_column_inner]<header class=\"kd-section-title vc_col-lg-6 vc_col-sm-8 text-center  kd-animated fadeIn   vc_custom_1651860130612\" data-animation-delay=200><h2 class=\"separator_off\" >Veja o que nossos clientes falam sobre n\u00f3s<\/h2><\/header>[\/vc_column_inner][\/vc_row_inner][vc_row_inner][vc_column_inner css=&#8221;.vc_custom_1516029087146{padding-right: 0px !important;padding-left: 0px !important;}&#8221;]<div class=\"slider testimonials black-navigation kd-testimonial-69e1eaca684bd  with-image\" ><div class=\"tt-content \">\n              <div class=\"tt-content-inner\">\n                <div class=\"tt-container\" style=\" \">\n                    <h6 style=\" font-size: 18px;\"\">Quer qualidade com pre\u00e7o justo? Na Marmoraria Pedras Viena voc\u00ea pode ficar sem medo. Pontos fortes que destaco, atendimento pr\u00e9 e p\u00f3s vendas nota 10, honesto, transparente. Qualidade do produto e do servi\u00e7o de primeira, entrega dentro do combinado.<\/h6>\n                    <span class=\"author\" >Vanderlei O<\/span>\n                    <span class=\"content\" ><\/span>\n                <\/div>\n                <div class=\"tt-image\"><img decoding=\"async\" width=\"704\" height=\"739\" data-src=\"https:\/\/marmorariaviena.com.br\/wp-content\/uploads\/2020\/08\/57083508_577959159350666_9126784639048876032_n-1.jpg\" class=\"attachment-full lazyload\" alt=\"Marmoraria Pedras Viena\" data-srcset=\"https:\/\/marmorariaviena.com.br\/wp-content\/uploads\/2020\/08\/57083508_577959159350666_9126784639048876032_n-1.jpg 704w, https:\/\/marmorariaviena.com.br\/wp-content\/uploads\/2020\/08\/57083508_577959159350666_9126784639048876032_n-1-286x300.jpg 286w\" data-sizes=\"(max-width: 704px) 100vw, 704px\" title=\"\" src=\"data:image\/svg+xml;base64,PHN2ZyB3aWR0aD0iMSIgaGVpZ2h0PSIxIiB4bWxucz0iaHR0cDovL3d3dy53My5vcmcvMjAwMC9zdmciPjwvc3ZnPg==\" style=\"--smush-placeholder-width: 704px; --smush-placeholder-aspect-ratio: 704\/739;\"><\/div>\n                <\/div>\n            <\/div><div class=\"tt-content \">\n              <div class=\"tt-content-inner\">\n                <div class=\"tt-container\" style=\" \">\n                    <h6 style=\" \"\">Aprovado o trabalho da equipe, trabalho com qualidade, atendimento top e um p\u00f3s venda fora de s\u00e9rie, profissional focado n\u00e3o s\u00f3 na parte comercial (venda), mas sim em fazer amigos e realizar sonhos! Parab\u00e9ns<\/h6>\n                    <span class=\"author\" >Ramon R<\/span>\n                    <span class=\"content\" ><\/span>\n                <\/div>\n                <div class=\"tt-image\"><img decoding=\"async\" width=\"720\" height=\"960\" data-src=\"https:\/\/marmorariaviena.com.br\/wp-content\/uploads\/2020\/08\/67532216_642974299515818_1326306177545404416_o.jpg\" class=\"attachment-full lazyload\" alt=\"Marmoraria Pedras Viena\" data-srcset=\"https:\/\/marmorariaviena.com.br\/wp-content\/uploads\/2020\/08\/67532216_642974299515818_1326306177545404416_o.jpg 720w, https:\/\/marmorariaviena.com.br\/wp-content\/uploads\/2020\/08\/67532216_642974299515818_1326306177545404416_o-225x300.jpg 225w\" data-sizes=\"(max-width: 720px) 100vw, 720px\" title=\"\" src=\"data:image\/svg+xml;base64,PHN2ZyB3aWR0aD0iMSIgaGVpZ2h0PSIxIiB4bWxucz0iaHR0cDovL3d3dy53My5vcmcvMjAwMC9zdmciPjwvc3ZnPg==\" style=\"--smush-placeholder-width: 720px; --smush-placeholder-aspect-ratio: 720\/960;\"><\/div>\n                <\/div>\n            <\/div><div class=\"tt-content \">\n              <div class=\"tt-content-inner\">\n                <div class=\"tt-container\" style=\" \">\n                    <h6 style=\" \"\">Eu super recomendo, profissionais super atenciosos e prestativos, parab\u00e9ns pela equipe. Muito obrigada, estou super feliz com o trabalho de vcs.<\/h6>\n                    <span class=\"author\" >Aline T<\/span>\n                    <span class=\"content\" ><\/span>\n                <\/div>\n                <div class=\"tt-image\"><img decoding=\"async\" width=\"960\" height=\"720\" data-src=\"https:\/\/marmorariaviena.com.br\/wp-content\/uploads\/2020\/08\/69039712_646992942447287_6507693928177729536_o.jpg\" class=\"attachment-full lazyload\" alt=\"Marmoraria Pedras Viena\" data-srcset=\"https:\/\/marmorariaviena.com.br\/wp-content\/uploads\/2020\/08\/69039712_646992942447287_6507693928177729536_o.jpg 960w, https:\/\/marmorariaviena.com.br\/wp-content\/uploads\/2020\/08\/69039712_646992942447287_6507693928177729536_o-300x225.jpg 300w, https:\/\/marmorariaviena.com.br\/wp-content\/uploads\/2020\/08\/69039712_646992942447287_6507693928177729536_o-768x576.jpg 768w\" data-sizes=\"(max-width: 960px) 100vw, 960px\" title=\"\" src=\"data:image\/svg+xml;base64,PHN2ZyB3aWR0aD0iMSIgaGVpZ2h0PSIxIiB4bWxucz0iaHR0cDovL3d3dy53My5vcmcvMjAwMC9zdmciPjwvc3ZnPg==\" style=\"--smush-placeholder-width: 960px; --smush-placeholder-aspect-ratio: 960\/720;\"><\/div>\n                <\/div>\n            <\/div><\/div><script type=\"text\/javascript\">\n              jQuery(document).ready(function($){\n                if ($(\".slider.testimonials.kd-testimonial-69e1eaca684bd\").length) {\n                  $(\".slider.testimonials.kd-testimonial-69e1eaca684bd\").owlCarousel({\n                    stageClass: \"owl-wrapper\",\n                    stageOuterClass: \"owl-wrapper-outer\",\n                    loadedClass: \"owl-carousel\",\n                    responsive:{\n                        0:{\n                            dots: false,\n                            nav: true,\n                            navSpeed: 500,\n                        },\n                        960:{nav: true,\n                              navSpeed: 500,\n                              dots: false,}\n                    },\n                    items: 1,\n                    rewind: true,\n                    loop: true,autoplay: false,autoplayHoverPause: false,\n                  });\n                }\n              });\n            <\/script>[\/vc_column_inner][\/vc_row_inner][\/vc_column][\/vc_row][vc_row full_width=&#8221;stretch_row&#8221;][vc_column][vc_column_text]<\/p>\n<h2 style=\"text-align: center;\">Nossos parceiros<\/h2>\n<p>[\/vc_column_text][vc_row_inner css=&#8221;.vc_custom_1538391716885{padding-top: 100px !important;padding-bottom: 100px !important;}&#8221;][vc_column_inner]<div class=\"slider clients lift-effect kd-client-69e1eaca69680  \"><div class=\"clients-content \" ><a href=\"http:\/\/www.fergran.com.br\/\" target=\"\" rel=\"nofollow noopener\"><img decoding=\"async\" width=\"250\" height=\"100\" data-src=\"https:\/\/marmorariaviena.com.br\/wp-content\/uploads\/2022\/05\/13monterroso.jpg\" class=\"attachment-full lazyload\" alt=\"Marmoraria Pedras Viena\" title=\"\" src=\"data:image\/svg+xml;base64,PHN2ZyB3aWR0aD0iMSIgaGVpZ2h0PSIxIiB4bWxucz0iaHR0cDovL3d3dy53My5vcmcvMjAwMC9zdmciPjwvc3ZnPg==\" style=\"--smush-placeholder-width: 250px; --smush-placeholder-aspect-ratio: 250\/100;\"><\/a><\/div><div class=\"clients-content \" ><a href=\"https:\/\/www.venturinipias.com.br\/\" target=\"\" rel=\"nofollow noopener\"><img decoding=\"async\" width=\"250\" height=\"100\" data-src=\"https:\/\/marmorariaviena.com.br\/wp-content\/uploads\/2022\/05\/14iven.jpg\" class=\"attachment-full lazyload\" alt=\"Marmoraria Pedras Viena\" title=\"\" src=\"data:image\/svg+xml;base64,PHN2ZyB3aWR0aD0iMSIgaGVpZ2h0PSIxIiB4bWxucz0iaHR0cDovL3d3dy53My5vcmcvMjAwMC9zdmciPjwvc3ZnPg==\" style=\"--smush-placeholder-width: 250px; --smush-placeholder-aspect-ratio: 250\/100;\"><\/a><\/div><div class=\"clients-content \" ><a href=\"http:\/\/www.duasbarrasgranitos.com.br\/index.html\" target=\"\" rel=\"nofollow noopener\"><img decoding=\"async\" width=\"250\" height=\"100\" data-src=\"https:\/\/marmorariaviena.com.br\/wp-content\/uploads\/2020\/09\/2.jpg\" class=\"attachment-full lazyload\" alt=\"marmoraria\" title=\"\" src=\"data:image\/svg+xml;base64,PHN2ZyB3aWR0aD0iMSIgaGVpZ2h0PSIxIiB4bWxucz0iaHR0cDovL3d3dy53My5vcmcvMjAwMC9zdmciPjwvc3ZnPg==\" style=\"--smush-placeholder-width: 250px; --smush-placeholder-aspect-ratio: 250\/100;\"><\/a><\/div><div class=\"clients-content \" ><a href=\"https:\/\/www.instagram.com\/abcstonemarmorese\/?hl=pt-br\" target=\"\" rel=\"nofollow noopener\"><img decoding=\"async\" width=\"250\" height=\"100\" data-src=\"https:\/\/marmorariaviena.com.br\/wp-content\/uploads\/2020\/09\/3.jpg\" class=\"attachment-full lazyload\" alt=\"marmoraria\" title=\"\" src=\"data:image\/svg+xml;base64,PHN2ZyB3aWR0aD0iMSIgaGVpZ2h0PSIxIiB4bWxucz0iaHR0cDovL3d3dy53My5vcmcvMjAwMC9zdmciPjwvc3ZnPg==\" style=\"--smush-placeholder-width: 250px; --smush-placeholder-aspect-ratio: 250\/100;\"><\/a><\/div><div class=\"clients-content \" ><a href=\"http:\/\/www.debacco.com.br\/\" target=\"\" rel=\"nofollow noopener\"><img decoding=\"async\" width=\"250\" height=\"100\" data-src=\"https:\/\/marmorariaviena.com.br\/wp-content\/uploads\/2022\/05\/12montego.jpg\" class=\"attachment-full lazyload\" alt=\"Marmoraria Pedras Viena\" title=\"\" src=\"data:image\/svg+xml;base64,PHN2ZyB3aWR0aD0iMSIgaGVpZ2h0PSIxIiB4bWxucz0iaHR0cDovL3d3dy53My5vcmcvMjAwMC9zdmciPjwvc3ZnPg==\" style=\"--smush-placeholder-width: 250px; --smush-placeholder-aspect-ratio: 250\/100;\"><\/a><\/div><\/div><script type=\"text\/javascript\">\r\n              jQuery(document).ready(function($){\r\n                if ($(\".slider.clients.kd-client-69e1eaca69680\").length) {\r\n                  $(\".slider.clients.kd-client-69e1eaca69680\").owlCarousel({\r\n                    stageClass: \"owl-wrapper\",\r\n                    stageOuterClass: \"owl-wrapper-outer\",\r\n                    loadedClass: \"owl-carousel\",\r\n                    responsiveClass:true,\r\n                    responsive:{\r\n                      0:{\r\n                          items:1,dots: false,},\r\n                      415:{\r\n                          items:3,dots: false,},\r\n                      960:{\r\n                          items:5,dots: false,}\r\n                    },autoplay: true,autoplayTimeout: 3000,\r\n                  });\r\n                }\r\n              });\r\n            <\/script>[\/vc_column_inner][\/vc_row_inner][\/vc_column][\/vc_row]<\/p>\n","protected":false},"excerpt":{"rendered":"<p>[vc_row full_width=&#8221;stretch_row&#8221;][vc_column css=&#8221;.vc_custom_1516009024901{padding-right: 0px !important;padding-left: 0px !important;}&#8221;][vc_row_inner css=&#8221;.vc_custom_1555687983632{padding-top: 50px !important;padding-bottom: 100px !important;}&#8221;][vc_column_inner width=&#8221;1\/4&#8243; css=&#8221;.vc_custom_1516009093233{padding-right: 0px [&hellip;]<\/p>\n","protected":false},"author":1,"featured_media":7690,"parent":0,"menu_order":0,"comment_status":"closed","ping_status":"closed","template":"","meta":{"pagelayer_contact_templates":[],"_pagelayer_content":"","ngg_post_thumbnail":0,"_joinchat":[],"footnotes":""},"class_list":["post-5720","page","type-page","status-publish","has-post-thumbnail","hentry"],"_links":{"self":[{"href":"https:\/\/marmorariaviena.com.br\/index.php?rest_route=\/wp\/v2\/pages\/5720","targetHints":{"allow":["GET"]}}],"collection":[{"href":"https:\/\/marmorariaviena.com.br\/index.php?rest_route=\/wp\/v2\/pages"}],"about":[{"href":"https:\/\/marmorariaviena.com.br\/index.php?rest_route=\/wp\/v2\/types\/page"}],"author":[{"embeddable":true,"href":"https:\/\/marmorariaviena.com.br\/index.php?rest_route=\/wp\/v2\/users\/1"}],"replies":[{"embeddable":true,"href":"https:\/\/marmorariaviena.com.br\/index.php?rest_route=%2Fwp%2Fv2%2Fcomments&post=5720"}],"version-history":[{"count":57,"href":"https:\/\/marmorariaviena.com.br\/index.php?rest_route=\/wp\/v2\/pages\/5720\/revisions"}],"predecessor-version":[{"id":7968,"href":"https:\/\/marmorariaviena.com.br\/index.php?rest_route=\/wp\/v2\/pages\/5720\/revisions\/7968"}],"wp:featuredmedia":[{"embeddable":true,"href":"https:\/\/marmorariaviena.com.br\/index.php?rest_route=\/wp\/v2\/media\/7690"}],"wp:attachment":[{"href":"https:\/\/marmorariaviena.com.br\/index.php?rest_route=%2Fwp%2Fv2%2Fmedia&parent=5720"}],"curies":[{"name":"wp","href":"https:\/\/api.w.org\/{rel}","templated":true}]}}