{"id":5750,"date":"2018-10-22T13:48:22","date_gmt":"2018-10-22T13:48:22","guid":{"rendered":"https:\/\/www.ekko-wp.com\/?page_id=5750"},"modified":"2025-07-25T16:38:36","modified_gmt":"2025-07-25T16:38:36","slug":"contato","status":"publish","type":"page","link":"https:\/\/marmorariaviena.com.br\/?page_id=5750","title":{"rendered":"Marmoraria Pedras Viena | Fale Conosco | Marmoraria"},"content":{"rendered":"<p>[vc_row full_width=&#8221;stretch_row&#8221; css=&#8221;.vc_custom_1555664963336{margin-top: -50px !important;background-color: #f5f5f5 !important;}&#8221;][vc_column css=&#8221;.vc_custom_1555664781539{padding-right: 0px !important;padding-left: 0px !important;}&#8221;][vc_row_inner css=&#8221;.vc_custom_1555664968490{padding-top: 100px !important;padding-bottom: 70px !important;}&#8221;][vc_column_inner width=&#8221;1\/3&#8243;]<a href=\"https:\/\/pedrasviena.com.br\/?page_id=5750\" target=\"\" rel=\"nofollow noopener\"><div class=\"cb-container\" style=\"background-color: #d8af55;\" ><div class=\"cb-img-area\"><\/div><div class=\"cb-text-area\">\n                    <h4 class=\"cb-heading \" >Est\u00e1 com d\u00favidas?<br \/>\nNos envie um E-mail.<\/h4><p >Responderemos o mais breve poss\u00edvel.<\/p><\/div><\/div><\/a>[\/vc_column_inner][vc_column_inner width=&#8221;1\/3&#8243;]<a href=\"https:\/\/pedrasviena.com.br\/?page_id=5750\" target=\"\" rel=\"nofollow noopener\"><div class=\"cb-container\" style=\"background-color: #d8af55;\" ><div class=\"cb-img-area\"><\/div><div class=\"cb-text-area\">\n                    <h4 class=\"cb-heading \" >Atendimento r\u00e1pido?<br \/>\nChame no WhatsApp.<\/h4><p >Chame no Zap, responderemos o mais breve que pudermos.<\/p><\/div><\/div><\/a>[\/vc_column_inner][vc_column_inner width=&#8221;1\/3&#8243;]<a href=\"https:\/\/pedrasviena.com.br\/?page_id=5750\" target=\"\" rel=\"nofollow noopener\"><div class=\"cb-container\" style=\"background-color: #d8af55;\" ><div class=\"cb-img-area\"><\/div><div class=\"cb-text-area\">\n                    <h4 class=\"cb-heading \" >Nos Ligue: (11) 2273-8456<\/h4><p >estamos prontos para atend\u00ea-los.<\/p><\/div><\/div><\/a>[\/vc_column_inner][\/vc_row_inner][\/vc_column][\/vc_row][vc_row full_width=&#8221;stretch_row&#8221;][vc_column css=&#8221;.vc_custom_1516095665984{padding-right: 0px !important;padding-left: 0px !important;}&#8221;][vc_row_inner css=&#8221;.vc_custom_1556019873852{padding-bottom: 0px !important;}&#8221;][vc_column_inner width=&#8221;1\/2&#8243; css=&#8221;.vc_custom_1519832372870{padding-bottom: 100px !important;padding-left: 15px !important;}&#8221; offset=&#8221;vc_col-lg-6 vc_col-md-12&#8243;][vc_raw_html]JTNDaWZyYW1lJTIwc3JjJTNEJTIyaHR0cHMlM0ElMkYlMkZ3d3cuZ29vZ2xlLmNvbSUyRm1hcHMlMkZlbWJlZCUzRnBiJTNEJTIxMW0xOCUyMTFtMTIlMjExbTMlMjExZDM2NTYuNDk1NjMwMDg5NTcxNSUyMTJkLTQ2LjYwMjU2NjY4NTYyOTcyNSUyMTNkLTIzLjU4NjU1MTQ4NDY3MDMxJTIxMm0zJTIxMWYwJTIxMmYwJTIxM2YwJTIxM20yJTIxMWkxMDI0JTIxMmk3NjglMjE0ZjEzLjElMjEzbTMlMjExbTIlMjExczB4OTRjZTViZjEwMTBiNzgxZiUyNTNBMHg3MTA1ODg4OTQ2MDA5MjNiJTIxMnNSLiUyNTIwZG8lMjUyME1hbmlmZXN0byUyNTJDJTI1MjAxNTAzJTI1MjAtJTI1MjBJcGlyYW5nYSUyNTJDJTI1MjBTJTI1QzMlMjVBM28lMjUyMFBhdWxvJTI1MjAtJTI1MjBTUCUyNTJDJTI1MjAwNDIwOS0wMDElMjE1ZTAlMjEzbTIlMjExc3B0LUJSJTIxMnNiciUyMTR2MTYyMjQ2OTgxNzI4NSUyMTVtMiUyMTFzcHQtQlIlMjEyc2JyJTIyJTIwd2lkdGglM0QlMjI2MDAlMjIlMjBoZWlnaHQlM0QlMjI0NTAlMjIlMjBzdHlsZSUzRCUyMmJvcmRlciUzQTAlM0IlMjIlMjBhbGxvd2Z1bGxzY3JlZW4lM0QlMjIlMjIlMjBsb2FkaW5nJTNEJTIybGF6eSUyMiUzRSUzQyUyRmlmcmFtZSUzRQ==[\/vc_raw_html][\/vc_column_inner][vc_column_inner width=&#8221;1\/2&#8243; css=&#8221;.vc_custom_1519832395134{padding-right: 15px !important;padding-bottom: 50px !important;padding-left: 80px !important;}&#8221; offset=&#8221;vc_col-lg-6 vc_col-md-12&#8243;]<header class=\"kd-section-title col-lg-12 text-left    \" ><h2 class=\"separator_off\" >Mande sua mensagem<\/h2><h6 class=\"subtitle \" >Informa\u00e7\u00f5es, ou d\u00favidas sobre algum servi\u00e7o nos deixe uma mensagem:<\/h6><\/header>[vc_empty_space height=&#8221;10px&#8221;]<div class=\"kd-contact-form full-width-cf white-input-bg\" >\n<div class=\"wpcf7 no-js\" id=\"wpcf7-f5208-o1\" lang=\"en-US\" dir=\"ltr\" data-wpcf7-id=\"5208\">\n<div class=\"screen-reader-response\"><p role=\"status\" aria-live=\"polite\" aria-atomic=\"true\"><\/p> <ul><\/ul><\/div>\n<form action=\"\/index.php?rest_route=%2Fwp%2Fv2%2Fpages%2F5750#wpcf7-f5208-o1\" method=\"post\" class=\"wpcf7-form init\" aria-label=\"Contact form\" novalidate=\"novalidate\" data-status=\"init\">\n<fieldset class=\"hidden-fields-container\"><input type=\"hidden\" name=\"_wpcf7\" value=\"5208\" \/><input type=\"hidden\" name=\"_wpcf7_version\" value=\"6.1\" \/><input type=\"hidden\" name=\"_wpcf7_locale\" value=\"en_US\" \/><input type=\"hidden\" name=\"_wpcf7_unit_tag\" value=\"wpcf7-f5208-o1\" \/><input type=\"hidden\" name=\"_wpcf7_container_post\" value=\"0\" \/><input type=\"hidden\" name=\"_wpcf7_posted_data_hash\" value=\"\" \/>\n<\/fieldset>\n<p><span class=\"wpcf7-form-control-wrap\" data-name=\"your-name\"><input size=\"40\" maxlength=\"400\" class=\"wpcf7-form-control wpcf7-text wpcf7-validates-as-required\" aria-required=\"true\" aria-invalid=\"false\" placeholder=\"Digite o seu nome\" value=\"\" type=\"text\" name=\"your-name\" \/><\/span><br \/>\n<span class=\"wpcf7-form-control-wrap\" data-name=\"telefone\"><input size=\"40\" maxlength=\"400\" class=\"wpcf7-form-control wpcf7-text wpcf7-validates-as-required\" aria-required=\"true\" aria-invalid=\"false\" placeholder=\"Digite o seu telefone\" value=\"\" type=\"text\" name=\"telefone\" \/><\/span><br \/>\n<span class=\"wpcf7-form-control-wrap\" data-name=\"your-email\"><input size=\"40\" maxlength=\"400\" class=\"wpcf7-form-control wpcf7-email wpcf7-validates-as-required wpcf7-text wpcf7-validates-as-email\" aria-required=\"true\" aria-invalid=\"false\" placeholder=\"Digite o seu e-mail\" value=\"\" type=\"email\" name=\"your-email\" \/><\/span><br \/>\n<span class=\"wpcf7-form-control-wrap\" data-name=\"your-message\"><textarea cols=\"40\" rows=\"10\" maxlength=\"2000\" class=\"wpcf7-form-control wpcf7-textarea\" aria-invalid=\"false\" placeholder=\"Sua mensagem\" name=\"your-message\"><\/textarea><\/span><br \/>\n<input class=\"wpcf7-form-control wpcf7-submit has-spinner\" type=\"submit\" value=\"Enviar Mensagem\" \/>\n<\/p><div class=\"wpcf7-response-output\" aria-hidden=\"true\"><\/div>\n<\/form>\n<\/div>\n<\/div>[\/vc_column_inner][\/vc_row_inner][\/vc_column][\/vc_row][vc_row][vc_column][vc_column_text]<\/p>\n<h1 style=\"text-align: center;\">Time de Vendas.<\/h1>\n<h5 style=\"text-align: center;\">Nossas atendentes est\u00e3o prontas para te atender!<\/h5>\n<h5 style=\"text-align: center;\"><code><\/code><\/h5>\n<p>[\/vc_column_text][vc_row_inner][vc_column_inner][vc_wp_text]<\/p>\n<h4 style=\"text-align: center;\"><strong>(11) 91022-1679<br \/>\n<\/strong><\/h4>\n<p>[\/vc_wp_text][vc_btn title=&#8221;Fazer Or\u00e7amento&#8221; color=&#8221;black&#8221; align=&#8221;center&#8221; link=&#8221;url:https%3A%2F%2Fapi.whatsapp.com%2Fsend%2F%3Fphone%3D5511910221679%26text%3DOl%25C3%25A1%2BMarmoraria%2BViena%252C%2Bpreciso%2Bfazer%2Bum%2Bor%25C3%25A7amento%2521%26type%3Dphone_number%26app_absent%3D0|||&#8221;][\/vc_column_inner][\/vc_row_inner][\/vc_column][\/vc_row][vc_section][vc_row][vc_column][vc_wp_text]<\/p>\n<h4 style=\"text-align: center;\">Showroom<br \/>\nRua Do Manifesto, 1503 &#8211; Ipiranga &#8211; Cep: 04209-001<\/h4>\n<p>[\/vc_wp_text][\/vc_column][\/vc_row][\/vc_section]<\/p>\n","protected":false},"excerpt":{"rendered":"<p>[vc_row full_width=&#8221;stretch_row&#8221; css=&#8221;.vc_custom_1555664963336{margin-top: -50px !important;background-color: #f5f5f5 !important;}&#8221;][vc_column css=&#8221;.vc_custom_1555664781539{padding-right: 0px !important;padding-left: 0px !important;}&#8221;][vc_row_inner css=&#8221;.vc_custom_1555664968490{padding-top: 100px !important;padding-bottom: [&hellip;]<\/p>\n","protected":false},"author":1,"featured_media":7661,"parent":0,"menu_order":0,"comment_status":"closed","ping_status":"closed","template":"","meta":{"pagelayer_contact_templates":[],"_pagelayer_content":"","ngg_post_thumbnail":0,"_joinchat":[],"footnotes":""},"class_list":["post-5750","page","type-page","status-publish","has-post-thumbnail","hentry"],"_links":{"self":[{"href":"https:\/\/marmorariaviena.com.br\/index.php?rest_route=\/wp\/v2\/pages\/5750","targetHints":{"allow":["GET"]}}],"collection":[{"href":"https:\/\/marmorariaviena.com.br\/index.php?rest_route=\/wp\/v2\/pages"}],"about":[{"href":"https:\/\/marmorariaviena.com.br\/index.php?rest_route=\/wp\/v2\/types\/page"}],"author":[{"embeddable":true,"href":"https:\/\/marmorariaviena.com.br\/index.php?rest_route=\/wp\/v2\/users\/1"}],"replies":[{"embeddable":true,"href":"https:\/\/marmorariaviena.com.br\/index.php?rest_route=%2Fwp%2Fv2%2Fcomments&post=5750"}],"version-history":[{"count":47,"href":"https:\/\/marmorariaviena.com.br\/index.php?rest_route=\/wp\/v2\/pages\/5750\/revisions"}],"predecessor-version":[{"id":9636,"href":"https:\/\/marmorariaviena.com.br\/index.php?rest_route=\/wp\/v2\/pages\/5750\/revisions\/9636"}],"wp:featuredmedia":[{"embeddable":true,"href":"https:\/\/marmorariaviena.com.br\/index.php?rest_route=\/wp\/v2\/media\/7661"}],"wp:attachment":[{"href":"https:\/\/marmorariaviena.com.br\/index.php?rest_route=%2Fwp%2Fv2%2Fmedia&parent=5750"}],"curies":[{"name":"wp","href":"https:\/\/api.w.org\/{rel}","templated":true}]}}